{"id":4264,"date":"2017-09-28T13:51:15","date_gmt":"2017-09-28T13:51:15","guid":{"rendered":"http:\/\/www.glu-sg.si\/?page_id=4264"},"modified":"2019-02-13T17:50:53","modified_gmt":"2019-02-13T17:50:53","slug":"90s-about","status":"publish","type":"page","link":"https:\/\/www.glu-sg.si\/en\/90s-about\/","title":{"rendered":"90s About"},"content":{"rendered":"<p><strong>Spletni arhiv koro\u0161ke alternativne produkcije<\/strong><\/p>\n<p>Spletni portal 90\u2019s je arhiv kulturne produkcije, ki so jo v devetdesetih ustvarili mladi na obmo\u010dju med \u010crno in Ravnami, Mislinjo in \u0160entjan\u017eem, Dravogradom in Radljami. Namenjen je vsem, ki bi radi raziskovali del zgodovine tiste druge kulture na Koro\u0161kem, o kateri se v javnosti bolj malo govori in ki je v devetdesetih, preden smo dobili prve mladinske klube, \u017eivela v\u00a0<em>pre\u0161vicanih<\/em>\u00a0in zakajenih kleteh, lokalnih kulturnih domovih, gostilnah, gara\u017eah \u2026 O tej, alternativni kulturi, se je ohranilo precej materialnih pri\u010devanj in artefaktov, ki pa doslej niso bili shranjeni na enem, javnosti dostopnem mestu. Ker so bili zato v glavnem zapisani pozabi, deloma pa tudi fizi\u010dnemu propadanju, smo jih zbrali, digitalizirali, uredili in dali na voljo javnosti.<\/p>\n<p><strong>Predzgodba<\/strong><\/p>\n<p><strong>\u22c5 Raziskovalno-izobra\u017eevalni projekt Druga eksplozija<em>\u00a0\u2013<\/em>\u00a090. leta<\/strong><\/p>\n<p>Gradivo smo za\u010deli zbirati leta 2016 v sklopu raziskovalnega in izobra\u017eevalnega projekta\u00a0<a href=\"http:\/\/www.zavod-parasite.si\/slo\/archives\/3126\">Druga eksplozija: 90. leta<\/a>, ki smo ga v\u00a0<a href=\"https:\/\/www.glu-sg.si\/\">Koro\u0161ki galeriji likovnih umetnosti<\/a>\u00a0razvijali v sodelovanju z\u00a0<a href=\"http:\/\/www.zavod-parasite.si\/\">Zavodom P. A. R. A. S. I. T. E.<\/a>\u00a0V fazi prou\u010devanja novih umetni\u0161kih praks na Koro\u0161kem v devetdesetih \u2013 kar je bila temeljna naloga raziskave, ki sva jo izvajali Nina Popi\u010d in Polona Pober\u017enik \u2013 , se je namre\u010d izkazalo, da na podro\u010dju umetnosti takrat ni bilo zaznati pretiranega razmaha novih, inovativnih produkcijskih prijemov in ustvarjalnih praks, sploh pa ne neodvisno od KGLU. Nasprotno je polje alternativne kulture (ali morda to\u010dneje: mladinske (sub)kulture) do\u017eivelo razcvet: mladi so za\u010deli prvi\u010d v ve\u010djem obsegu ustvarjati svojo kulturo in jo tudi dokumentirati \u2013 izdajati kasete in cedeje v samozalo\u017ebi, oblikovati plakate, izdajati pesni\u0161ke zbirke, organizirati koncerte in festivale, svojo glasbo predstavljati somisle\u010dim iz tujine \u2026 Nekateri so bili z estetiko, ideologijo in strategijami delovanja bli\u017eje<em>\u00a0undegroundu<\/em>, drugi pa so se nagibali h komercialni liniji, a so bili do neke mere \u0161e vedno alternativa obstoje\u010di kulturi na tem obmo\u010dju.<\/p>\n<p><strong>\u22c5 Razstava Preboj: nove umetni\u0161ke prakse in alternativna kultura v devetdesetih\u00a0<em>\u2013<\/em>\u00a0primer Koro\u0161ke<\/strong><\/p>\n<p>Izsledke raziskave smo leta 2016 predstavili na razstavi\u00a0<a href=\"https:\/\/www.glu-sg.si\/si\/exhibition\/preboj-nove-umetniske-prakse-in-alternativna-kultura-v-devetdesetih-primer-koroske\/\">Preboj<\/a>, kjer smo prikazali obe plati devetdesetih na Koro\u0161kem: na eni strani dokumentarno gradivo o inovativnih umetni\u0161kih razstavah, posegih v prostor in performansih tistega \u010dasa ter umetni\u0161ke artefakte, ki jih hrani KGLU, na drugi strani pa vizualno gradivo in posnetke, ki so jih prispevali bendi, fotografi, oblikovalci in drugi tvorci alternativnega dogajanja.<\/p>\n<p><strong>Postavitev spletnega arhiva: ohranitev dela koro\u0161ke kulturne zgodovine\u00a0<\/strong><\/p>\n<p>Da bi ohranili zbrano gradivo o alternativni kulturi in obudili kolektivni spomin na obdobje intenzivne (sub)kulturne dejavnosti mladih na Koro\u0161kem, smo postavili spletni arhiv o devetdesetih ter vanj shranili pridobljeno gradivo, ga dopolnili, uredili in dali na voljo javnosti. Danes lahko v njem raziskujete dopolnjeni nabor fotografij, plakatov, zvo\u010dnih in video posnetkov, besedil, \u010dlankov in drugega gradiva.<\/p>\n<p><strong>Zgradba in vsebina arhiva<\/strong><\/p>\n<p>Gradivo smo sistemati\u010dno uredili tako, da ima vsak akter ali skupina svojo podstran, ki je urejena po podobnem vzorcu. Za bolj\u0161e razumevanje smo materialnim pri\u010devanjem dodali kontekst: biografije akterjev z zanimivostmi iz njihovega delovanja (rubrika Trivia) ter spremno \u0161tudijo, ki temelji na besedilu za katalog k razstavi Druga eksplozija \u2013 90. leta.<\/p>\n<p>Za zdaj lahko na portalu 90\u2019s raziskujete kreativno zapu\u0161\u010dino ve\u010d kot dvajsetih bendov, ki so delovali (ali za\u010deli delovati) v devetdesetih in so vsaj z eno nogo stali v polju alternative. Dodali smo \u0161e gradivo dveh mladinskih dru\u0161tev, zaslu\u017enih za to, da so mladi na tem obmo\u010dju nekaj let prihajali v stik z druga\u010dnimi, \u201cnevarnej\u0161imi\u201d zvoki in drugimi sodobnimi (sub)kulturnimi vsebinami. Prav tako pa hranimo edini retrospektivni cede s pregledom delujo\u010dih bendov, posnet na Koro\u0161kem rock\u2019n\u2019roll festivalu v Kotljah leta 1997.<\/p>\n<p><strong>Prihodnost arhiva<\/strong><\/p>\n<p>Verjamemo, da se bo koli\u010dina zbranega materiala v arhivu s\u010dasoma \u0161e nekoliko pove\u010dala, saj koro\u0161ka alternativna kultura niso bili le bendi, ampak tudi posamezniki z drugih polj delovanja: performansa, mode, poezije, vizualne umetnosti \u2026, ki jih za zdaj nismo vklju\u010dili v nabor gradiva. Poleg tega pa se na kakem podstre\u0161ju (ali trdem disku) gotovo nahaja \u0161e kak nenavaden ko\u0161\u010dek zgodovine, ki bo \u010dez \u010das morda na\u0161el pot v arhiv in dopolnil katero izmed sivih podro\u010dij na zemljevidu koro\u0161ke alternative devetdesetih.<\/p>\n<hr \/>\n<p>Raziskava in besedila: Polona Pober\u017enik<br \/>\nJezikovni pregled: Maja Martinc<br \/>\nOblikovanje: Sara Badovinac (Prapesa \/ Design Studio)<br \/>\nIzdelava spletnega portala: Toma\u017e Le\u0161njak<\/p>\n<hr \/>\n<p>&nbsp;<\/p>","protected":false},"excerpt":{"rendered":"<p>Spletni arhiv koro\u0161ke alternativne produkcije Spletni portal 90\u2019s je arhiv kulturne produkcije, ki so jo v devetdesetih ustvarili mladi na obmo\u010dju med \u010crno in Ravnami, Mislinjo in \u0160entjan\u017eem, Dravogradom in Radljami. Namenjen je vsem, ki bi radi raziskovali del zgodovine tiste druge kulture na Koro\u0161kem, o kateri se v javnosti bolj malo govori in ki [&hellip;]<\/p>\n","protected":false},"author":2,"featured_media":0,"parent":0,"menu_order":0,"comment_status":"closed","ping_status":"closed","template":"","meta":{"footnotes":""},"class_list":["post-4264","page","type-page","status-publish","hentry"],"_links":{"self":[{"href":"https:\/\/www.glu-sg.si\/en\/wp-json\/wp\/v2\/pages\/4264","targetHints":{"allow":["GET"]}}],"collection":[{"href":"https:\/\/www.glu-sg.si\/en\/wp-json\/wp\/v2\/pages"}],"about":[{"href":"https:\/\/www.glu-sg.si\/en\/wp-json\/wp\/v2\/types\/page"}],"author":[{"embeddable":true,"href":"https:\/\/www.glu-sg.si\/en\/wp-json\/wp\/v2\/users\/2"}],"replies":[{"embeddable":true,"href":"https:\/\/www.glu-sg.si\/en\/wp-json\/wp\/v2\/comments?post=4264"}],"version-history":[{"count":24,"href":"https:\/\/www.glu-sg.si\/en\/wp-json\/wp\/v2\/pages\/4264\/revisions"}],"predecessor-version":[{"id":5855,"href":"https:\/\/www.glu-sg.si\/en\/wp-json\/wp\/v2\/pages\/4264\/revisions\/5855"}],"wp:attachment":[{"href":"https:\/\/www.glu-sg.si\/en\/wp-json\/wp\/v2\/media?parent=4264"}],"curies":[{"name":"wp","href":"https:\/\/api.w.org\/{rel}","templated":true}]}}