{"id":7343,"date":"2020-11-23T10:20:03","date_gmt":"2020-11-23T10:20:03","guid":{"rendered":"http:\/\/www.glu-sg.si\/?page_id=7343"},"modified":"2022-01-14T08:49:07","modified_gmt":"2022-01-14T08:49:07","slug":"o-zbirki","status":"publish","type":"page","link":"https:\/\/www.glu-sg.si\/en\/zbirka\/o-zbirki\/","title":{"rendered":"About the Collection"},"content":{"rendered":"<p>Today, the collection of the Museum of Modern and Contemporary Art Koro\u0161ka is made up of roughly 3000 works. The collection is comprised of works by many foreign and domestic artists and of special larger groups of collections, such as the collection of works by Jo\u017ee Tisnikar, which is supplemented by the collection Homage to Tisnikar \u2013 Homage combines works by Slovenian and foreign artists dealing with subject matter similar to that Tisnikar developed \u2013 and collections of works by Bogdan Bor\u010di\u0107, Valentin Oman, \u0160tefan Planinc and Pino Poggi. The Museum also maintains the special collection that began during the exhibitions under the auspices of the United Nations between 1966 and 1985, which is comprised of international works of art that have a particularly contemporary and engaged position, such as those dealing with war, migration, social inequality and similar. Special attention is devoted to contemporary artistic production, particularly of those artists from the region as well as artists from across Slovenia.<\/p>\n<p>The online presentation of the collection is divided into categories according to artistic genres. Along with the individual genres, specific segments and artists whose ranges of works are the largest or have a special value for the collection are foregrounded as well. The website presents only a selection of artists and art works.<\/p>","protected":false},"excerpt":{"rendered":"<p>Today, the collection of the Museum of Modern and Contemporary Art Koro\u0161ka is made up of roughly 3000 works. The collection is comprised of works by many foreign and domestic artists and of special larger groups of collections, such as the collection of works by Jo\u017ee Tisnikar, which is supplemented by the collection Homage to [&hellip;]<\/p>\n","protected":false},"author":2,"featured_media":0,"parent":7229,"menu_order":0,"comment_status":"closed","ping_status":"closed","template":"template-zbirke.php","meta":{"footnotes":""},"class_list":["post-7343","page","type-page","status-publish","hentry"],"_links":{"self":[{"href":"https:\/\/www.glu-sg.si\/en\/wp-json\/wp\/v2\/pages\/7343","targetHints":{"allow":["GET"]}}],"collection":[{"href":"https:\/\/www.glu-sg.si\/en\/wp-json\/wp\/v2\/pages"}],"about":[{"href":"https:\/\/www.glu-sg.si\/en\/wp-json\/wp\/v2\/types\/page"}],"author":[{"embeddable":true,"href":"https:\/\/www.glu-sg.si\/en\/wp-json\/wp\/v2\/users\/2"}],"replies":[{"embeddable":true,"href":"https:\/\/www.glu-sg.si\/en\/wp-json\/wp\/v2\/comments?post=7343"}],"version-history":[{"count":10,"href":"https:\/\/www.glu-sg.si\/en\/wp-json\/wp\/v2\/pages\/7343\/revisions"}],"predecessor-version":[{"id":8677,"href":"https:\/\/www.glu-sg.si\/en\/wp-json\/wp\/v2\/pages\/7343\/revisions\/8677"}],"up":[{"embeddable":true,"href":"https:\/\/www.glu-sg.si\/en\/wp-json\/wp\/v2\/pages\/7229"}],"wp:attachment":[{"href":"https:\/\/www.glu-sg.si\/en\/wp-json\/wp\/v2\/media?parent=7343"}],"curies":[{"name":"wp","href":"https:\/\/api.w.org\/{rel}","templated":true}]}}