{"id":7786,"date":"2021-02-21T16:46:00","date_gmt":"2021-02-21T16:46:00","guid":{"rendered":"http:\/\/www.glu-sg.si\/?page_id=7786"},"modified":"2025-02-21T15:21:40","modified_gmt":"2025-02-21T15:21:40","slug":"disclaimer","status":"publish","type":"page","link":"https:\/\/www.glu-sg.si\/en\/disclaimer\/","title":{"rendered":"Disclaimer"},"content":{"rendered":"<p><\/p>\n<p><strong>1. PRAVNA OBVESTILA<\/strong><\/p>\n<p><strong>Pravica\/omejitev uporabe informacij in gradiv<\/strong><\/p>\n<p>Informacije, podobe in gradiva, ki so dostopna na spletni strani in (pod)straneh <a href=\"https:\/\/www.glu-sg.si\">www.glu-sg.si<\/a>, so v skladu s predpisi, ki urejajo avtorsko in sorodne pravice, predmet avtorske za\u0161\u010dite ter drugih oblik za\u0161\u010dite intelektualne lastnine. Namenjena so zasebni rabi, pri \u010demer ni dovoljeno spreminjati ozna\u010db avtorskih pravic ali drugih obvestil o pravicah intelektualne lastnine. Dovoljeno je nalaganje in tiskanje informacij, podob ter gradiv z namenom ogledovanja in branja za nekomercialne namene. Kakr\u0161nokoli drugo kopiranje, spreminjanje informacij ter ponovno objavljanje informacij, podob in gradiv oziroma raz\u0161irjanje na kakr\u0161en koli drug na\u010din brez predhodnega pisnega dovoljenja lastnika avtorskih pravic je prepovedano.<\/p>\n<p><strong>Avtorske pravice o posameznih delih v zbirki KGLU<\/strong><\/p>\n<p>KGLU bo pri oblikovanju spletnih strani sku\u0161ala a\u017eurno zagotavljati to\u010dnost podatkov. Vedno posku\u0161amo zagotoviti podatke o lastnikih avtorskih pravic posami\u010dnih del, ki so v na\u0161i zbirki in od njih predhodno pridobiti dovoljenje za objavo, vendar v nekaterih primerih lastnikov nismo mogli izslediti. Njihovo gradivo smo vseeno vklju\u010dili na spletno mesto <a href=\"https:\/\/www.glu-sg.si\">www.glu-sg.si<\/a>, zato vljudno napro\u0161amo\u00a0 vse, ki nam lahko pomagate pri iskanju kontaktnih podatkov lastnikov pravic, da nas za namene pridobitve uradnega dovoljenja kontaktirate na e-naslov: <a href=\"mailto:galerija@glu-sg.si\">galerija@glu-sg.si<\/a>.<\/p>\n<p><strong>Varstvo osebnih podatkov\/Poobla\u0161\u010dena oseba za varstvo podatkov:<br \/>\n<\/strong>V skladu z dolo\u010dilom 37. \u010dlena Uredbe EU 2016\/679 Evropskega parlamenta in sveta z\u00a0dne\u00a027. aprila 2016 smo za poobla\u0161\u010deno osebo za varstvo podatkov imenovali dru\u017ebo:<\/p>\n<p><a href=\"http:\/\/datainfo.si\/\" target=\"_blank\" rel=\"noopener\">DATAINFO.SI<\/a>, d.o.o.<br \/>\nTr\u017ea\u0161ka cesta 85, SI-2000 Maribor<br \/>\n<a href=\"http:\/\/www.datainfo.si\/\" target=\"_blank\" rel=\"noopener\">www.datainfo.si<\/a><br \/>\ne-po\u0161ta:\u00a0<a href=\"mailto:dpo@datainfo.si\" target=\"_blank\" rel=\"noopener\">dpo@datainfo.si<\/a><br \/>\ntelefon: +386 (0) 2 620 4 300<\/p>\n<p><strong>Dostopnost spleti\u0161\u010da<\/strong><\/p>\n<p>V KGLU si prizadevamo slediti Zakonu o dostopnosti spleti\u0161\u010d in mobilnih aplikacij (ZDSMA). Uporabnike vljudno napro\u0161amo, da nas opozarjajo na morebitne pomanjkljivosti, ki jih bomo v okviru razumnih zmo\u017enosti posku\u0161ali \u010dim bolj upo\u0161tevati. Komentarje in predloge sprejemamo na e-naslovu: <a href=\"mailto:galerija@glu-sg.si\">galerija@glu-sg.si<\/a>.<\/p>\n<p><strong>Preberite: <a href=\"https:\/\/www.glu-sg.si\/wp-content\/uploads\/2023\/09\/Politika-varstva-osebnih-podatkov.pdf\"><em>Politika varstva osebnih podatkov<\/em><\/a><\/strong><\/p>\n<p><strong>2. AVTORJI<\/strong><\/p>\n<p>Kreativna zasnova in oblikovanje: Sara Badovinac, Studio Prapra<\/p>\n<p>Izvedba in programiranje: Toma\u017e Le\u0161njak<\/p>\n<p>Besedila in uredni\u0161tvo: Koro\u0161ka galerija likovnih umetnosti<\/p>\n<p>Predstavitev del stalnih zbirk in obdobij: Andreja Hribernik, Katarina Hergold Germ, Neja Kaiser, Nina Popi\u010d, Zala Lorber, Marko Ko\u0161an, Jernej Ko\u017ear, Manja Gerold<\/p>\n<p><strong>3. IZJAVA O DOSTOPNOSTI<\/strong><\/p>\n<p><!--more--><\/p>\n<p>Spletno mesto https:\/\/www.glu-sg.si\/ smo zasnovali tako, da je s prilagajanjem na razli\u010dne na\u010dine dostopna vsem obiskovalcem spletnega mesta, hkrati pa je njihova izku\u0161nja \u010dim bolj prijetna in pozitivna. Dostopnost smo na podlagi samoocene oblikovali v skladu z Zakonom o dostopnosti spleti\u0161\u010d in mobilnih aplikacij (ZDSMA ).<\/p>\n<p><strong>Stopnja dostopnosti<\/strong><\/p>\n<p>Spletno mesto https:\/\/www.glu-sg.si\/ je zasnovano skladno z aktualnimi trendi in zahtevami spleta. Delovanje kot tudi izgled spletne strani je preverjeno v vseh popularnej\u0161ih in novej\u0161ih brskalnikih ter seveda na razli\u010dnih napravah (ra\u010dunalniki, prenosniki, telefoni in tablice).<\/p>\n<p>Spletno mesto je zasnovano tako, da bi bilo dostopno in uporabni\u0161ko prijazno vsem spletnim obiskovalcem tega spletnega mesta. Izdelano je z upo\u0161tevanjem smernic po standardu WCAG 2.0. (angl. Web Content Accessibility Guidelines (WCAG) 2.0). Spletne strani tako osebam z omejitvami dodatno izbolj\u0161ajo uporabni\u0161ko izku\u0161njo. Za kompatibilnost spletnih strani s podpornimi tehnologijami in dostopnost s pripomo\u010dki, kot so bralniki zaslona, spletno mesto upo\u0161teva smernice specifikacije WAI-ARIA (angl. Web Accessibility Initiative \u2013 Assistive Rich Internet Applications). V HTML kodi spletnih strani so tako dodani opisi in atributi z dodatnimi informacijami za namenske aplikacije oz. bralnike. Primeri so alternativni teksti za grafi\u010dne elemente, oznake vnosnih polj in gumbov ipd.<\/p>\n<p><strong>Funkcije dostopnosti<\/strong><\/p>\n<p>Na spletnem mestu je posebno orodje, to je Orodje za dostopnost, ki omogo\u010da dodatne funkcije dostopnosti spletnega mesta. Ta se prika\u017ee ob kliku na \u010drno ikono v zgornjem levem kotu. Uporabniku je omogo\u010deno:<\/p>\n<p>olaj\u0161ana navigacija s tipkami na tipkovnici z obrobo obmo\u010dja fokusa (rde\u010da barva),<\/p>\n<ul>\n<li>ve\u010dja velikost pisave,<\/li>\n<li>manj\u0161a velikost pisave,<\/li>\n<li>odebeljena pisava,<\/li>\n<li>prikaz inverznih barv in\/ali barv v sivinah,<\/li>\n<li>pove\u010danje kontrasta barv,<\/li>\n<li>poudarjene povezave \u2013 posamezni linki,<\/li>\n<li>zemljevid strani<\/li>\n<\/ul>\n<p>Obiskovalcem je uporaba spletnega mesta dodatno olaj\u0161ana z bli\u017enjicami na tipkovnici:<\/p>\n<ul>\n<li>premikanje po elementih (Tab),<\/li>\n<li>premikanje nazaj po elementih (Shift + Tab),<\/li>\n<li>klik ozna\u010denega elementa (Enter),<\/li>\n<li>premiki po strani navzdol (preslednica ali Page Down),<\/li>\n<li>premiki po strani navzgor (Page Up),<\/li>\n<li>skok na glavno vsebino (Alt + Shift + S).<\/li>\n<\/ul>\n<p><strong>Mo\u017ene izbolj\u0161ave<\/strong><\/p>\n<p>Spletno mesto za normalno delovanje, bolj\u0161o celostno uporabni\u0161ko izku\u0161njo in ve\u010djo varnost uporablja JavaScript skriptni jezik. Brez ustrezne podpore brskalnika je ote\u017eena navigacija ter ne deluje prikaz in po\u0161iljanje spletnih obrazcev v pojavnih oknih.<\/p>\n<p>V primeru, da v brskalniku niso podprte stilske predloge CSS, se \u0161e vedno lahko pristopi do vseh informacij, vendar so lahko nekatere vsebine podvojene ali odve\u010dne. V kodi spletnih strani so dodatni teksti, namenjeni za prikaz na zaslonih razli\u010dnih velikosti.<\/p>\n<p>Neodvisnost od JavaScripta in CSS predlog bi pomenila ve\u010djo spremembo v zasnovi in na\u010dinu delovanja spletnega mesta. Zato je mo\u017eno, da nekatere funkcionalnosti niso v celoti prilagojene in dostopne. Za te informacije se obrnite na <a href=\"mailto:galerija@glu-sg.si\">galerija@glu-sg.si<\/a> ali na 02 620 36 52.<\/p>\n<p>Mnoge smernice WCAG in WAI-ARIA za izbolj\u0161anje dostopnosti spleti\u0161\u010da si je mogo\u010de razlagati subjektivno. Prav tako se lahko interpretacije s \u010dasom spreminjajo.<\/p>\n<p>Vse slike in grafi\u010dni elementi ne vsebujejo nadomestnih besedil.<\/p>\n<p><span class=\"ttf\" tabindex=\"-1\">Razlog za prisotnost nedostopnih vsebin je v nesorazmernem bremenu, ki ga organ ocenjuje s kadrovskim in finan\u010dnim bremenom, ki bi ga optimiziranje zahtev\u200balo.<\/span><\/p>\n<p><strong>Povratne informacije<\/strong><\/p>\n<p>V kolikor imate te\u017eave pri dostopu katerih od vsebin na tem spletnem mestu nam prosimo sporo\u010dite na galerija@glu-sg.si, saj si \u017eelimo, da bi bila va\u0161a uporabni\u0161ka izku\u0161nja, \u010dim bolj prijetna.<br \/>\nOdgovor boste prejeli v roku osmih dni od prejema obvestila oziroma pro\u0161nje. V kolikor v tem roku ne bomo mogli podati ustreznega odgovora, vam bomo sporo\u010dili kdaj bo odgovor podan in razloge za zakasnitev odgovora.<\/p>\n<p class=\"ttf\" tabindex=\"-1\">V primeru, da ugotovite odstopanje od dolo\u010dil Zakona o dostopnosti spleti\u0161\u010d in mobilnih aplikacij, lahko podate prijavo in\u0161pektorjem za informacijsko dru\u017ebo po navadni ali elektronski po\u0161ti na naslov:<\/p>\n<p class=\"ttf\" tabindex=\"-1\"><span class=\"ui-provider gp b c d e f g h i j k l m n o p q r s t u v w x y z ab ac ae af ag ah ai aj ak ttf\" dir=\"ltr\" tabindex=\"-1\"><span class=\"ttf\" tabindex=\"-1\">In\u0161pektorat Republike Slovenije za informacijsko dru\u017ebo \/\u00a0<\/span><\/span><span class=\"ui-provider gp b c d e f g h i j k l m n o p q r s t u v w x y z ab ac ae af ag ah ai aj ak ttf\" dir=\"ltr\" tabindex=\"-1\">MINISTRSTVO ZA DIGITALNO PREOBRAZBO,\u00a0<\/span><span class=\"ui-provider gp b c d e f g h i j k l m n o p q r s t u v w x y z ab ac ae af ag ah ai aj ak ttf\" dir=\"ltr\" tabindex=\"-1\">Dav\u010dna ulica 1, <\/span>1000 Ljubljana \/ T:<span class=\"ttf\" tabindex=\"-1\"><span class=\"ui-provider gp b c d e f g h i j k l m n o p q r s t u v w x y z ab ac ae af ag ah ai aj ak ttf\" dir=\"ltr\" tabindex=\"-1\"> 01 555 58 48,\u00a0<\/span>E: <\/span><span class=\"ui-provider gp b c d e f g h i j k l m n o p q r s t u v w x y z ab ac ae af ag ah ai aj ak ttf\" dir=\"ltr\" tabindex=\"-1\">gp<\/span><\/p>\n<p>&nbsp;<\/p>\n<p>&nbsp;<\/p>\n<p><\/p>","protected":false},"excerpt":{"rendered":"<p>1. PRAVNA OBVESTILA Pravica\/omejitev uporabe informacij in gradiv Informacije, podobe in gradiva, ki so dostopna na spletni strani in (pod)straneh www.glu-sg.si, so v skladu s predpisi, ki urejajo avtorsko in sorodne pravice, predmet avtorske za\u0161\u010dite ter drugih oblik za\u0161\u010dite intelektualne lastnine. Namenjena so zasebni rabi, pri \u010demer ni dovoljeno spreminjati ozna\u010db avtorskih pravic ali drugih [&hellip;]<\/p>\n","protected":false},"author":2,"featured_media":0,"parent":0,"menu_order":0,"comment_status":"closed","ping_status":"closed","template":"","meta":{"footnotes":""},"class_list":["post-7786","page","type-page","status-publish","hentry"],"_links":{"self":[{"href":"https:\/\/www.glu-sg.si\/en\/wp-json\/wp\/v2\/pages\/7786","targetHints":{"allow":["GET"]}}],"collection":[{"href":"https:\/\/www.glu-sg.si\/en\/wp-json\/wp\/v2\/pages"}],"about":[{"href":"https:\/\/www.glu-sg.si\/en\/wp-json\/wp\/v2\/types\/page"}],"author":[{"embeddable":true,"href":"https:\/\/www.glu-sg.si\/en\/wp-json\/wp\/v2\/users\/2"}],"replies":[{"embeddable":true,"href":"https:\/\/www.glu-sg.si\/en\/wp-json\/wp\/v2\/comments?post=7786"}],"version-history":[{"count":29,"href":"https:\/\/www.glu-sg.si\/en\/wp-json\/wp\/v2\/pages\/7786\/revisions"}],"predecessor-version":[{"id":12293,"href":"https:\/\/www.glu-sg.si\/en\/wp-json\/wp\/v2\/pages\/7786\/revisions\/12293"}],"wp:attachment":[{"href":"https:\/\/www.glu-sg.si\/en\/wp-json\/wp\/v2\/media?parent=7786"}],"curies":[{"name":"wp","href":"https:\/\/api.w.org\/{rel}","templated":true}]}}